{"id":1082,"date":"2025-03-25T07:27:11","date_gmt":"2025-03-25T07:27:11","guid":{"rendered":"http:\/\/nothingtec.com\/?page_id=1082"},"modified":"2025-07-14T09:30:29","modified_gmt":"2025-07-14T08:30:29","slug":"foro-espana-nothing","status":"publish","type":"page","link":"https:\/\/nothingtec.com\/en\/foro-espana-nothing\/","title":{"rendered":"Nothing Spain Forum"},"content":{"rendered":"<p>In <strong>NothingTec<\/strong> We continue to evolve to offer you the best experience on <strong>Nothing in Spanish<\/strong>. We have deactivated our Nothing Spanish forum on the website to focus on a new, much more dynamic and accessible meeting point: our <strong>Nothing&#039;s Telegram Channel<\/strong>.<\/p>\n\n\n\n<figure class=\"wp-block-image size-large is-style-rounded\"><a href=\"https:\/\/t.me\/NothingPhone_ES\" target=\"_blank\" rel=\" noreferrer noopener\"><img loading=\"lazy\" decoding=\"async\" width=\"1024\" height=\"512\" src=\"http:\/\/nothingtec.com\/wp-content\/uploads\/2025\/03\/telegram-nothing-foro-comunidad-hispana-espanola-1-1024x512.webp\" alt=\"\" class=\"wp-image-840\" srcset=\"https:\/\/nothingtec.com\/wp-content\/uploads\/2025\/03\/telegram-nothing-foro-comunidad-hispana-espanola-1-1024x512.webp 1024w, https:\/\/nothingtec.com\/wp-content\/uploads\/2025\/03\/telegram-nothing-foro-comunidad-hispana-espanola-1-300x150.webp 300w, https:\/\/nothingtec.com\/wp-content\/uploads\/2025\/03\/telegram-nothing-foro-comunidad-hispana-espanola-1-768x384.webp 768w, https:\/\/nothingtec.com\/wp-content\/uploads\/2025\/03\/telegram-nothing-foro-comunidad-hispana-espanola-1-816x408.webp 816w, https:\/\/nothingtec.com\/wp-content\/uploads\/2025\/03\/telegram-nothing-foro-comunidad-hispana-espanola-1-400x200.webp 400w, https:\/\/nothingtec.com\/wp-content\/uploads\/2025\/03\/telegram-nothing-foro-comunidad-hispana-espanola-1.webp 1500w\" sizes=\"auto, (max-width: 1024px) 100vw, 1024px\" \/><\/a><\/figure>\n\n\n\n<p>If you&#039;re looking for a space to share experiences, resolve doubts, and stay up-to-date with all the <strong>Nothing news in Spanish<\/strong>, Our channel is the ideal place. We believe Telegram is a more agile platform for interacting with the community, receiving real-time information, and participating in discussions about devices like the <strong>Nothing Phone (3a), Ear and more<\/strong>.<\/p>\n\n\n\n<h4 class=\"wp-block-heading\">\ud83d\udce2 How to join?<\/h4>\n\n\n\n<p>Access our <strong>Nothing Telegram Group<\/strong> It&#039;s very easy. Just click on the link below and join the conversation. Remember to pass the bot test to prove you&#039;re not a robot!<\/p>\n\n\n\n<p class=\"has-black-color has-very-light-gray-to-cyan-bluish-gray-gradient-background has-text-color has-background has-link-color wp-elements-5d5746df24591371c66fa4a96123aa01\" style=\"font-size:20px\">\u27a1\ufe0f     <a href=\"https:\/\/t.me\/NothingPhone_ES\" target=\"_blank\" rel=\"noopener\"><strong>Join the Telegram channel<\/strong><\/a><\/p>\n\n\n\n<p>In this group, users can share their experiences with Nothing products, get their questions answered, and stay up to date on <strong>All the latest news from the brand<\/strong>.<\/p>\n\n\n\n<h4 class=\"wp-block-heading\">\ud83c\udf1f A growing community<\/h4>\n\n\n\n<p>We want this community to be the go-to place for all Spanish-speaking users interested in Nothing. If you&#039;re passionate about technology and want to stay up-to-date with <strong>leaks, updates and analysis<\/strong>, Don&#039;t hesitate to become part of this space.<\/p>\n\n\n\n<p>See you on Telegram!<\/p>","protected":false},"excerpt":{"rendered":"<p>En NothingTec seguimos evolucionando para ofrecerte la mejor experiencia sobre Nothing en espa\u00f1ol. Hemos desactivado nuestro foro en espa\u00f1ol de Nothing en la web para centrarnos en un nuevo punto de encuentro mucho m\u00e1s din\u00e1mico y accesible: nuestro Canal de Telegram de Nothing. Si buscas un espacio donde compartir experiencias, resolver dudas y mantenerte al [&hellip;]<\/p>\n","protected":false},"author":1,"featured_media":0,"parent":0,"menu_order":0,"comment_status":"closed","ping_status":"closed","template":"","meta":{"_uag_custom_page_level_css":"","footnotes":""},"class_list":["post-1082","page","type-page","status-publish","hentry"],"yoast_head":"<!-- This site is optimized with the Yoast SEO plugin v27.5 - https:\/\/yoast.com\/product\/yoast-seo-wordpress\/ -->\n<title>Foro de Nothing Espa\u00f1a - NothingTec<\/title>\n<meta name=\"description\" content=\"Foro Nothingtec - Foro de Espa\u00f1a donde hablar, compartir y debatir sobre los productos de Nothing. \u00a1Te estamos esperando!\" \/>\n<meta name=\"robots\" content=\"index, follow, max-snippet:-1, max-image-preview:large, max-video-preview:-1\" \/>\n<link rel=\"canonical\" href=\"https:\/\/nothingtec.com\/en\/foro-espana-nothing\/\" \/>\n<meta property=\"og:locale\" content=\"en_GB\" \/>\n<meta property=\"og:type\" content=\"article\" \/>\n<meta property=\"og:title\" content=\"Foro de Nothing Espa\u00f1a - NothingTec\" \/>\n<meta property=\"og:description\" content=\"Foro Nothingtec - Foro de Espa\u00f1a donde hablar, compartir y debatir sobre los productos de Nothing. \u00a1Te estamos esperando!\" \/>\n<meta property=\"og:url\" content=\"https:\/\/nothingtec.com\/en\/foro-espana-nothing\/\" \/>\n<meta property=\"og:site_name\" content=\"NothingTec\" \/>\n<meta property=\"article:modified_time\" content=\"2025-07-14T08:30:29+00:00\" \/>\n<meta property=\"og:image\" content=\"http:\/\/nothingtec.com\/wp-content\/uploads\/2025\/03\/telegram-nothing-foro-comunidad-hispana-espanola-1-1024x512.webp\" \/>\n<meta name=\"twitter:card\" content=\"summary_large_image\" \/>\n<meta name=\"twitter:label1\" content=\"Estimated reading time\" \/>\n\t<meta name=\"twitter:data1\" content=\"2 minutes\" \/>\n<script type=\"application\/ld+json\" class=\"yoast-schema-graph\">{\"@context\":\"https:\\\/\\\/schema.org\",\"@graph\":[{\"@type\":[\"Article\",\"BlogPosting\"],\"@id\":\"https:\\\/\\\/nothingtec.com\\\/foro-espana-nothing\\\/#article\",\"isPartOf\":{\"@id\":\"https:\\\/\\\/nothingtec.com\\\/foro-espana-nothing\\\/\"},\"author\":{\"name\":\"ruudhesp\",\"@id\":\"https:\\\/\\\/nothingtec.com\\\/#\\\/schema\\\/person\\\/ad5dcb7dc957d71f8fc93bef0837ca29\"},\"headline\":\"Foro de Nothing Espa\u00f1a\",\"datePublished\":\"2025-03-25T07:27:11+00:00\",\"dateModified\":\"2025-07-14T08:30:29+00:00\",\"mainEntityOfPage\":{\"@id\":\"https:\\\/\\\/nothingtec.com\\\/foro-espana-nothing\\\/\"},\"wordCount\":242,\"publisher\":{\"@id\":\"https:\\\/\\\/nothingtec.com\\\/#organization\"},\"image\":{\"@id\":\"https:\\\/\\\/nothingtec.com\\\/foro-espana-nothing\\\/#primaryimage\"},\"thumbnailUrl\":\"http:\\\/\\\/nothingtec.com\\\/wp-content\\\/uploads\\\/2025\\\/03\\\/telegram-nothing-foro-comunidad-hispana-espanola-1-1024x512.webp\",\"inLanguage\":\"en-GB\"},{\"@type\":\"WebPage\",\"@id\":\"https:\\\/\\\/nothingtec.com\\\/foro-espana-nothing\\\/\",\"url\":\"https:\\\/\\\/nothingtec.com\\\/foro-espana-nothing\\\/\",\"name\":\"Foro de Nothing Espa\u00f1a - NothingTec\",\"isPartOf\":{\"@id\":\"https:\\\/\\\/nothingtec.com\\\/#website\"},\"primaryImageOfPage\":{\"@id\":\"https:\\\/\\\/nothingtec.com\\\/foro-espana-nothing\\\/#primaryimage\"},\"image\":{\"@id\":\"https:\\\/\\\/nothingtec.com\\\/foro-espana-nothing\\\/#primaryimage\"},\"thumbnailUrl\":\"http:\\\/\\\/nothingtec.com\\\/wp-content\\\/uploads\\\/2025\\\/03\\\/telegram-nothing-foro-comunidad-hispana-espanola-1-1024x512.webp\",\"datePublished\":\"2025-03-25T07:27:11+00:00\",\"dateModified\":\"2025-07-14T08:30:29+00:00\",\"description\":\"Foro Nothingtec - Foro de Espa\u00f1a donde hablar, compartir y debatir sobre los productos de Nothing. \u00a1Te estamos esperando!\",\"breadcrumb\":{\"@id\":\"https:\\\/\\\/nothingtec.com\\\/foro-espana-nothing\\\/#breadcrumb\"},\"inLanguage\":\"en-GB\",\"potentialAction\":[{\"@type\":\"ReadAction\",\"target\":[\"https:\\\/\\\/nothingtec.com\\\/foro-espana-nothing\\\/\"]}]},{\"@type\":\"ImageObject\",\"inLanguage\":\"en-GB\",\"@id\":\"https:\\\/\\\/nothingtec.com\\\/foro-espana-nothing\\\/#primaryimage\",\"url\":\"http:\\\/\\\/nothingtec.com\\\/wp-content\\\/uploads\\\/2025\\\/03\\\/telegram-nothing-foro-comunidad-hispana-espanola-1-1024x512.webp\",\"contentUrl\":\"http:\\\/\\\/nothingtec.com\\\/wp-content\\\/uploads\\\/2025\\\/03\\\/telegram-nothing-foro-comunidad-hispana-espanola-1-1024x512.webp\"},{\"@type\":\"BreadcrumbList\",\"@id\":\"https:\\\/\\\/nothingtec.com\\\/foro-espana-nothing\\\/#breadcrumb\",\"itemListElement\":[{\"@type\":\"ListItem\",\"position\":1,\"name\":\"Portada\",\"item\":\"https:\\\/\\\/nothingtec.com\\\/\"},{\"@type\":\"ListItem\",\"position\":2,\"name\":\"Foro de Nothing Espa\u00f1a\"}]},{\"@type\":\"WebSite\",\"@id\":\"https:\\\/\\\/nothingtec.com\\\/#website\",\"url\":\"https:\\\/\\\/nothingtec.com\\\/\",\"name\":\"NothingTec\",\"description\":\"Todo sobre Nothing y CMF | Blog y comunidad hispana\",\"publisher\":{\"@id\":\"https:\\\/\\\/nothingtec.com\\\/#organization\"},\"potentialAction\":[{\"@type\":\"SearchAction\",\"target\":{\"@type\":\"EntryPoint\",\"urlTemplate\":\"https:\\\/\\\/nothingtec.com\\\/?s={search_term_string}\"},\"query-input\":{\"@type\":\"PropertyValueSpecification\",\"valueRequired\":true,\"valueName\":\"search_term_string\"}}],\"inLanguage\":\"en-GB\"},{\"@type\":\"Organization\",\"@id\":\"https:\\\/\\\/nothingtec.com\\\/#organization\",\"name\":\"NothingTec\",\"url\":\"https:\\\/\\\/nothingtec.com\\\/\",\"logo\":{\"@type\":\"ImageObject\",\"inLanguage\":\"en-GB\",\"@id\":\"https:\\\/\\\/nothingtec.com\\\/#\\\/schema\\\/logo\\\/image\\\/\",\"url\":\"https:\\\/\\\/nothingtec.com\\\/wp-content\\\/uploads\\\/2025\\\/05\\\/Logo-NT-Para-Yoast.png\",\"contentUrl\":\"https:\\\/\\\/nothingtec.com\\\/wp-content\\\/uploads\\\/2025\\\/05\\\/Logo-NT-Para-Yoast.png\",\"width\":696,\"height\":696,\"caption\":\"NothingTec\"},\"image\":{\"@id\":\"https:\\\/\\\/nothingtec.com\\\/#\\\/schema\\\/logo\\\/image\\\/\"}},{\"@type\":\"Person\",\"@id\":\"https:\\\/\\\/nothingtec.com\\\/#\\\/schema\\\/person\\\/ad5dcb7dc957d71f8fc93bef0837ca29\",\"name\":\"ruudhesp\",\"image\":{\"@type\":\"ImageObject\",\"inLanguage\":\"en-GB\",\"@id\":\"https:\\\/\\\/nothingtec.com\\\/wp-content\\\/uploads\\\/2025\\\/05\\\/cropped-lwhVDJvR_400x400-96x96.jpg\",\"url\":\"https:\\\/\\\/nothingtec.com\\\/wp-content\\\/uploads\\\/2025\\\/05\\\/cropped-lwhVDJvR_400x400-96x96.jpg\",\"contentUrl\":\"https:\\\/\\\/nothingtec.com\\\/wp-content\\\/uploads\\\/2025\\\/05\\\/cropped-lwhVDJvR_400x400-96x96.jpg\",\"caption\":\"ruudhesp\"},\"description\":\"Creador de Nothingtec.com Menos es m\u00e1s \ud83d\udcf2\",\"sameAs\":[\"http:\\\/\\\/nothingtec.com\",\"https:\\\/\\\/www.instagram.com\\\/ruudhesp\",\"https:\\\/\\\/x.com\\\/ruudhesp\"],\"url\":\"https:\\\/\\\/nothingtec.com\\\/en\\\/author\\\/ruudhesp\\\/\"}]}<\/script>\n<!-- \/ Yoast SEO plugin. -->","yoast_head_json":{"title":"Nothing Spain Forum - NothingTec","description":"Nothingtec Forum - Spain&#039;s forum to talk, share, and discuss Nothing products. We&#039;re waiting for you!","robots":{"index":"index","follow":"follow","max-snippet":"max-snippet:-1","max-image-preview":"max-image-preview:large","max-video-preview":"max-video-preview:-1"},"canonical":"https:\/\/nothingtec.com\/en\/foro-espana-nothing\/","og_locale":"en_GB","og_type":"article","og_title":"Foro de Nothing Espa\u00f1a - NothingTec","og_description":"Foro Nothingtec - Foro de Espa\u00f1a donde hablar, compartir y debatir sobre los productos de Nothing. \u00a1Te estamos esperando!","og_url":"https:\/\/nothingtec.com\/en\/foro-espana-nothing\/","og_site_name":"NothingTec","article_modified_time":"2025-07-14T08:30:29+00:00","og_image":[{"url":"http:\/\/nothingtec.com\/wp-content\/uploads\/2025\/03\/telegram-nothing-foro-comunidad-hispana-espanola-1-1024x512.webp","type":"","width":"","height":""}],"twitter_card":"summary_large_image","twitter_misc":{"Estimated reading time":"2 minutes"},"schema":{"@context":"https:\/\/schema.org","@graph":[{"@type":["Article","BlogPosting"],"@id":"https:\/\/nothingtec.com\/foro-espana-nothing\/#article","isPartOf":{"@id":"https:\/\/nothingtec.com\/foro-espana-nothing\/"},"author":{"name":"ruudhesp","@id":"https:\/\/nothingtec.com\/#\/schema\/person\/ad5dcb7dc957d71f8fc93bef0837ca29"},"headline":"Foro de Nothing Espa\u00f1a","datePublished":"2025-03-25T07:27:11+00:00","dateModified":"2025-07-14T08:30:29+00:00","mainEntityOfPage":{"@id":"https:\/\/nothingtec.com\/foro-espana-nothing\/"},"wordCount":242,"publisher":{"@id":"https:\/\/nothingtec.com\/#organization"},"image":{"@id":"https:\/\/nothingtec.com\/foro-espana-nothing\/#primaryimage"},"thumbnailUrl":"http:\/\/nothingtec.com\/wp-content\/uploads\/2025\/03\/telegram-nothing-foro-comunidad-hispana-espanola-1-1024x512.webp","inLanguage":"en-GB"},{"@type":"WebPage","@id":"https:\/\/nothingtec.com\/foro-espana-nothing\/","url":"https:\/\/nothingtec.com\/foro-espana-nothing\/","name":"Nothing Spain Forum - NothingTec","isPartOf":{"@id":"https:\/\/nothingtec.com\/#website"},"primaryImageOfPage":{"@id":"https:\/\/nothingtec.com\/foro-espana-nothing\/#primaryimage"},"image":{"@id":"https:\/\/nothingtec.com\/foro-espana-nothing\/#primaryimage"},"thumbnailUrl":"http:\/\/nothingtec.com\/wp-content\/uploads\/2025\/03\/telegram-nothing-foro-comunidad-hispana-espanola-1-1024x512.webp","datePublished":"2025-03-25T07:27:11+00:00","dateModified":"2025-07-14T08:30:29+00:00","description":"Nothingtec Forum - Spain&#039;s forum to talk, share, and discuss Nothing products. We&#039;re waiting for you!","breadcrumb":{"@id":"https:\/\/nothingtec.com\/foro-espana-nothing\/#breadcrumb"},"inLanguage":"en-GB","potentialAction":[{"@type":"ReadAction","target":["https:\/\/nothingtec.com\/foro-espana-nothing\/"]}]},{"@type":"ImageObject","inLanguage":"en-GB","@id":"https:\/\/nothingtec.com\/foro-espana-nothing\/#primaryimage","url":"http:\/\/nothingtec.com\/wp-content\/uploads\/2025\/03\/telegram-nothing-foro-comunidad-hispana-espanola-1-1024x512.webp","contentUrl":"http:\/\/nothingtec.com\/wp-content\/uploads\/2025\/03\/telegram-nothing-foro-comunidad-hispana-espanola-1-1024x512.webp"},{"@type":"BreadcrumbList","@id":"https:\/\/nothingtec.com\/foro-espana-nothing\/#breadcrumb","itemListElement":[{"@type":"ListItem","position":1,"name":"Portada","item":"https:\/\/nothingtec.com\/"},{"@type":"ListItem","position":2,"name":"Foro de Nothing Espa\u00f1a"}]},{"@type":"WebSite","@id":"https:\/\/nothingtec.com\/#website","url":"https:\/\/nothingtec.com\/","name":"NothingTec","description":"Everything about Nothing and CMF | Blog","publisher":{"@id":"https:\/\/nothingtec.com\/#organization"},"potentialAction":[{"@type":"SearchAction","target":{"@type":"EntryPoint","urlTemplate":"https:\/\/nothingtec.com\/?s={search_term_string}"},"query-input":{"@type":"PropertyValueSpecification","valueRequired":true,"valueName":"search_term_string"}}],"inLanguage":"en-GB"},{"@type":"Organization","@id":"https:\/\/nothingtec.com\/#organization","name":"NothingTec","url":"https:\/\/nothingtec.com\/","logo":{"@type":"ImageObject","inLanguage":"en-GB","@id":"https:\/\/nothingtec.com\/#\/schema\/logo\/image\/","url":"https:\/\/nothingtec.com\/wp-content\/uploads\/2025\/05\/Logo-NT-Para-Yoast.png","contentUrl":"https:\/\/nothingtec.com\/wp-content\/uploads\/2025\/05\/Logo-NT-Para-Yoast.png","width":696,"height":696,"caption":"NothingTec"},"image":{"@id":"https:\/\/nothingtec.com\/#\/schema\/logo\/image\/"}},{"@type":"Person","@id":"https:\/\/nothingtec.com\/#\/schema\/person\/ad5dcb7dc957d71f8fc93bef0837ca29","name":"ruudhesp","image":{"@type":"ImageObject","inLanguage":"en-GB","@id":"https:\/\/nothingtec.com\/wp-content\/uploads\/2025\/05\/cropped-lwhVDJvR_400x400-96x96.jpg","url":"https:\/\/nothingtec.com\/wp-content\/uploads\/2025\/05\/cropped-lwhVDJvR_400x400-96x96.jpg","contentUrl":"https:\/\/nothingtec.com\/wp-content\/uploads\/2025\/05\/cropped-lwhVDJvR_400x400-96x96.jpg","caption":"ruudhesp"},"description":"Creator of Nothingtec.com Less is more \ud83d\udcf2","sameAs":["http:\/\/nothingtec.com","https:\/\/www.instagram.com\/ruudhesp","https:\/\/x.com\/ruudhesp"],"url":"https:\/\/nothingtec.com\/en\/author\/ruudhesp\/"}]}},"uagb_featured_image_src":{"full":false,"thumbnail":false,"medium":false,"medium_large":false,"large":false,"1536x1536":false,"2048x2048":false,"trp-custom-language-flag":false,"wp_review_large":false,"wp_review_small":false,"post-thumbnail":false,"post-image":false,"post-image-thumb":false},"uagb_author_info":{"display_name":"ruudhesp","author_link":"https:\/\/nothingtec.com\/en\/author\/ruudhesp\/"},"uagb_comment_info":0,"uagb_excerpt":"En NothingTec seguimos evolucionando para ofrecerte la mejor experiencia sobre Nothing en espa\u00f1ol. Hemos desactivado nuestro foro en espa\u00f1ol de Nothing en la web para centrarnos en un nuevo punto de encuentro mucho m\u00e1s din\u00e1mico y accesible: nuestro Canal de Telegram de Nothing. Si buscas un espacio donde compartir experiencias, resolver dudas y mantenerte al&hellip;","_links":{"self":[{"href":"https:\/\/nothingtec.com\/en\/wp-json\/wp\/v2\/pages\/1082","targetHints":{"allow":["GET"]}}],"collection":[{"href":"https:\/\/nothingtec.com\/en\/wp-json\/wp\/v2\/pages"}],"about":[{"href":"https:\/\/nothingtec.com\/en\/wp-json\/wp\/v2\/types\/page"}],"author":[{"embeddable":true,"href":"https:\/\/nothingtec.com\/en\/wp-json\/wp\/v2\/users\/1"}],"replies":[{"embeddable":true,"href":"https:\/\/nothingtec.com\/en\/wp-json\/wp\/v2\/comments?post=1082"}],"version-history":[{"count":1,"href":"https:\/\/nothingtec.com\/en\/wp-json\/wp\/v2\/pages\/1082\/revisions"}],"predecessor-version":[{"id":2248,"href":"https:\/\/nothingtec.com\/en\/wp-json\/wp\/v2\/pages\/1082\/revisions\/2248"}],"wp:attachment":[{"href":"https:\/\/nothingtec.com\/en\/wp-json\/wp\/v2\/media?parent=1082"}],"curies":[{"name":"wp","href":"https:\/\/api.w.org\/{rel}","templated":true}]}}