{"id":1191,"date":"2025-04-04T11:56:05","date_gmt":"2025-04-04T10:56:05","guid":{"rendered":"http:\/\/nothingtec.com\/?page_id=1191"},"modified":"2025-10-01T15:55:43","modified_gmt":"2025-10-01T14:55:43","slug":"sobre-mi","status":"publish","type":"page","link":"https:\/\/nothingtec.com\/en\/sobre-mi\/","title":{"rendered":"About me"},"content":{"rendered":"<p>In <strong>NothingTec.com<\/strong> I share my passion for the Nothing universe. I am <strong>Jose Navarrete<\/strong>, creator and administrator of the blog, although online I call myself <a href=\"https:\/\/x.com\/ruudhesp\" target=\"_blank\" rel=\"noreferrer noopener\"><strong>RuudHesp<\/strong><\/a>. As an editor, I strive to present each news item, reviews, and comparison in a professional, honest, and approachable style.<\/p>\n\n\n\n<p>This project was born to serve Nothing brand enthusiasts in Spain and Latin America, offering a meeting point in our language. Today, NothingTec has become the <strong>Nothing Spanish Community<\/strong> a reference point, with daily updates of fresh and truthful content to keep you always informed.<\/p>\n\n\n\n<figure class=\"wp-block-image size-large is-style-rounded\"><a href=\"https:\/\/x.com\/ruudhesp\" target=\"_blank\" rel=\" noreferrer noopener\"><img loading=\"lazy\" decoding=\"async\" width=\"1024\" height=\"341\" src=\"https:\/\/nothingtec.com\/wp-content\/uploads\/2025\/05\/quienes-somos-ruudhesp-nothingtec-ruudhesp-twitter-X-1024x341.webp\" alt=\"\" class=\"wp-image-1830\" srcset=\"https:\/\/nothingtec.com\/wp-content\/uploads\/2025\/05\/quienes-somos-ruudhesp-nothingtec-ruudhesp-twitter-X-1024x341.webp 1024w, https:\/\/nothingtec.com\/wp-content\/uploads\/2025\/05\/quienes-somos-ruudhesp-nothingtec-ruudhesp-twitter-X-300x100.webp 300w, https:\/\/nothingtec.com\/wp-content\/uploads\/2025\/05\/quienes-somos-ruudhesp-nothingtec-ruudhesp-twitter-X-768x256.webp 768w, https:\/\/nothingtec.com\/wp-content\/uploads\/2025\/05\/quienes-somos-ruudhesp-nothingtec-ruudhesp-twitter-X-816x272.webp 816w, https:\/\/nothingtec.com\/wp-content\/uploads\/2025\/05\/quienes-somos-ruudhesp-nothingtec-ruudhesp-twitter-X.webp 1500w\" sizes=\"auto, (max-width: 1024px) 100vw, 1024px\" \/><\/a><\/figure>\n\n\n\n<h4 class=\"wp-block-heading\">What will you find at NothingTec?<\/h4>\n\n\n\n<ul class=\"wp-block-list\">\n<li><strong>Daily news<\/strong>: everything about <strong><a href=\"https:\/\/nothingtec.com\/en\/category\/articulos\/\">Nothing news<\/a><\/strong>, From official releases to rumors, so you don&#039;t miss a thing.<\/li>\n\n\n\n<li><strong>Reviews and comparisons<\/strong>: in-depth and 100% honest articles about Nothing products (smartphones, headphones, etc.), evaluating pros and cons with complete transparency.<\/li>\n\n\n\n<li><strong>Tutorials<\/strong>: step-by-step guides and useful tips to get the most out of your Nothing devices, explained in clear and accessible language.<\/li>\n<\/ul>\n\n\n\n<figure class=\"wp-block-image size-large is-style-rounded\"><img loading=\"lazy\" decoding=\"async\" width=\"1024\" height=\"341\" src=\"https:\/\/nothingtec.com\/wp-content\/uploads\/2025\/07\/quienes-somos-logo-nothingtec-ruudhesp-1024x341.webp\" alt=\"\" class=\"wp-image-2254\" srcset=\"https:\/\/nothingtec.com\/wp-content\/uploads\/2025\/07\/quienes-somos-logo-nothingtec-ruudhesp-1024x341.webp 1024w, https:\/\/nothingtec.com\/wp-content\/uploads\/2025\/07\/quienes-somos-logo-nothingtec-ruudhesp-300x100.webp 300w, https:\/\/nothingtec.com\/wp-content\/uploads\/2025\/07\/quienes-somos-logo-nothingtec-ruudhesp-768x256.webp 768w, https:\/\/nothingtec.com\/wp-content\/uploads\/2025\/07\/quienes-somos-logo-nothingtec-ruudhesp-816x272.webp 816w, https:\/\/nothingtec.com\/wp-content\/uploads\/2025\/07\/quienes-somos-logo-nothingtec-ruudhesp.webp 1500w\" sizes=\"auto, (max-width: 1024px) 100vw, 1024px\" \/><\/figure>\n\n\n\n<h4 class=\"wp-block-heading\">Nothing Community in Spanish<\/h4>\n\n\n\n<p>The NothingTec experience doesn&#039;t end with the blog. We have a <a href=\"http:\/\/nothingtec.com\/en\/foro\/\"><strong>Telegram group<\/strong> for the<\/a><a href=\"http:\/\/nothingtec.com\/en\/foro\/\" target=\"_blank\" rel=\"noreferrer noopener\">o<\/a><a href=\"http:\/\/nothingtec.com\/en\/foro\/\">Spanish community<\/a>, our <strong>Nothing Group Latin America<\/strong>, where every day, Nothing enthusiasts from across the Spanish-speaking world (Spain and Latin America) share questions, tips, and news in real time. This space functions as a <strong>Nothing forum in Spanish<\/strong>, with a welcoming and collaborative atmosphere.<\/p>\n\n\n\n<p>Furthermore, we are present in <a href=\"https:\/\/x.com\/ruudhesp\" target=\"_blank\" rel=\"noreferrer noopener\"><strong>Twitter<\/strong> (X)<\/a> and <strong><a href=\"https:\/\/www.tiktok.com\/@nothingtec\" target=\"_blank\" rel=\"noreferrer noopener\">TikTok<\/a><\/strong>, With active profiles where I publish daily content: from news and interesting facts to quick tips. NothingTec thus connects the community <strong>Nothing Spain<\/strong> with Nothing fans in Latin America, uniting the passion for the brand in a single Spanish-language hub. You can also contact me. <a href=\"http:\/\/nothingtec.com\/en\/contactar\/\">by completing this form<\/a>.<\/p>\n\n\n\n<p>Do you consider yourself a Nothing fan? The door is open: if you share our passion, this community is your home. <strong>Welcome to NothingTec!<\/strong><\/p>","protected":false},"excerpt":{"rendered":"<p>En NothingTec.com comparto mi pasi\u00f3n por el universo Nothing. Soy Jose Navarrete, creador y administrador del blog, aunque en la red me hago llamar RuudHesp. Como editor, intento que cada noticia, an\u00e1lisis y comparativa se presente con un estilo profesional, honesto y cercano. Este proyecto naci\u00f3 para servir a los entusiastas de la marca Nothing [&hellip;]<\/p>\n","protected":false},"author":1,"featured_media":0,"parent":0,"menu_order":0,"comment_status":"closed","ping_status":"closed","template":"","meta":{"_uag_custom_page_level_css":"","footnotes":""},"class_list":["post-1191","page","type-page","status-publish","hentry"],"yoast_head":"<!-- This site is optimized with the Yoast SEO plugin v27.4 - https:\/\/yoast.com\/product\/yoast-seo-wordpress\/ -->\n<title>Qui\u00e9nes Somos \u2013 NothingTec | Comunidad Nothing en espa\u00f1ol<\/title>\n<meta name=\"description\" content=\"NothingTec: blog de Nothing en espa\u00f1ol para Espa\u00f1a y Latinoam\u00e9rica, con noticias diarias, an\u00e1lisis, tutoriales y comunidad hispana activa.\" \/>\n<meta name=\"robots\" content=\"index, follow, max-snippet:-1, max-image-preview:large, max-video-preview:-1\" \/>\n<link rel=\"canonical\" href=\"https:\/\/nothingtec.com\/en\/sobre-mi\/\" \/>\n<meta property=\"og:locale\" content=\"en_GB\" \/>\n<meta property=\"og:type\" content=\"article\" \/>\n<meta property=\"og:title\" content=\"Qui\u00e9nes Somos \u2013 NothingTec | Comunidad Nothing en espa\u00f1ol\" \/>\n<meta property=\"og:description\" content=\"NothingTec: blog de Nothing en espa\u00f1ol para Espa\u00f1a y Latinoam\u00e9rica, con noticias diarias, an\u00e1lisis, tutoriales y comunidad hispana activa.\" \/>\n<meta property=\"og:url\" content=\"https:\/\/nothingtec.com\/en\/sobre-mi\/\" \/>\n<meta property=\"og:site_name\" content=\"NothingTec\" \/>\n<meta property=\"article:modified_time\" content=\"2025-10-01T14:55:43+00:00\" \/>\n<meta property=\"og:image\" content=\"https:\/\/nothingtec.com\/wp-content\/uploads\/2025\/05\/quienes-somos-ruudhesp-nothingtec-ruudhesp-twitter-X-1024x341.webp\" \/>\n<meta name=\"twitter:card\" content=\"summary_large_image\" \/>\n<meta name=\"twitter:label1\" content=\"Estimated reading time\" \/>\n\t<meta name=\"twitter:data1\" content=\"2 minutes\" \/>\n<script type=\"application\/ld+json\" class=\"yoast-schema-graph\">{\"@context\":\"https:\\\/\\\/schema.org\",\"@graph\":[{\"@type\":[\"Article\",\"BlogPosting\"],\"@id\":\"https:\\\/\\\/nothingtec.com\\\/sobre-mi\\\/#article\",\"isPartOf\":{\"@id\":\"https:\\\/\\\/nothingtec.com\\\/sobre-mi\\\/\"},\"author\":{\"name\":\"ruudhesp\",\"@id\":\"https:\\\/\\\/nothingtec.com\\\/#\\\/schema\\\/person\\\/ad5dcb7dc957d71f8fc93bef0837ca29\"},\"headline\":\"Sobre mi\",\"datePublished\":\"2025-04-04T10:56:05+00:00\",\"dateModified\":\"2025-10-01T14:55:43+00:00\",\"mainEntityOfPage\":{\"@id\":\"https:\\\/\\\/nothingtec.com\\\/sobre-mi\\\/\"},\"wordCount\":332,\"publisher\":{\"@id\":\"https:\\\/\\\/nothingtec.com\\\/#organization\"},\"image\":{\"@id\":\"https:\\\/\\\/nothingtec.com\\\/sobre-mi\\\/#primaryimage\"},\"thumbnailUrl\":\"https:\\\/\\\/nothingtec.com\\\/wp-content\\\/uploads\\\/2025\\\/05\\\/quienes-somos-ruudhesp-nothingtec-ruudhesp-twitter-X-1024x341.webp\",\"inLanguage\":\"en-GB\"},{\"@type\":\"WebPage\",\"@id\":\"https:\\\/\\\/nothingtec.com\\\/sobre-mi\\\/\",\"url\":\"https:\\\/\\\/nothingtec.com\\\/sobre-mi\\\/\",\"name\":\"Qui\u00e9nes Somos \u2013 NothingTec | Comunidad Nothing en espa\u00f1ol\",\"isPartOf\":{\"@id\":\"https:\\\/\\\/nothingtec.com\\\/#website\"},\"primaryImageOfPage\":{\"@id\":\"https:\\\/\\\/nothingtec.com\\\/sobre-mi\\\/#primaryimage\"},\"image\":{\"@id\":\"https:\\\/\\\/nothingtec.com\\\/sobre-mi\\\/#primaryimage\"},\"thumbnailUrl\":\"https:\\\/\\\/nothingtec.com\\\/wp-content\\\/uploads\\\/2025\\\/05\\\/quienes-somos-ruudhesp-nothingtec-ruudhesp-twitter-X-1024x341.webp\",\"datePublished\":\"2025-04-04T10:56:05+00:00\",\"dateModified\":\"2025-10-01T14:55:43+00:00\",\"description\":\"NothingTec: blog de Nothing en espa\u00f1ol para Espa\u00f1a y Latinoam\u00e9rica, con noticias diarias, an\u00e1lisis, tutoriales y comunidad hispana activa.\",\"breadcrumb\":{\"@id\":\"https:\\\/\\\/nothingtec.com\\\/sobre-mi\\\/#breadcrumb\"},\"inLanguage\":\"en-GB\",\"potentialAction\":[{\"@type\":\"ReadAction\",\"target\":[\"https:\\\/\\\/nothingtec.com\\\/sobre-mi\\\/\"]}]},{\"@type\":\"ImageObject\",\"inLanguage\":\"en-GB\",\"@id\":\"https:\\\/\\\/nothingtec.com\\\/sobre-mi\\\/#primaryimage\",\"url\":\"https:\\\/\\\/nothingtec.com\\\/wp-content\\\/uploads\\\/2025\\\/05\\\/quienes-somos-ruudhesp-nothingtec-ruudhesp-twitter-X-1024x341.webp\",\"contentUrl\":\"https:\\\/\\\/nothingtec.com\\\/wp-content\\\/uploads\\\/2025\\\/05\\\/quienes-somos-ruudhesp-nothingtec-ruudhesp-twitter-X-1024x341.webp\"},{\"@type\":\"BreadcrumbList\",\"@id\":\"https:\\\/\\\/nothingtec.com\\\/sobre-mi\\\/#breadcrumb\",\"itemListElement\":[{\"@type\":\"ListItem\",\"position\":1,\"name\":\"Portada\",\"item\":\"https:\\\/\\\/nothingtec.com\\\/\"},{\"@type\":\"ListItem\",\"position\":2,\"name\":\"Sobre mi\"}]},{\"@type\":\"WebSite\",\"@id\":\"https:\\\/\\\/nothingtec.com\\\/#website\",\"url\":\"https:\\\/\\\/nothingtec.com\\\/\",\"name\":\"NothingTec\",\"description\":\"Todo sobre Nothing y CMF | Blog y comunidad hispana\",\"publisher\":{\"@id\":\"https:\\\/\\\/nothingtec.com\\\/#organization\"},\"potentialAction\":[{\"@type\":\"SearchAction\",\"target\":{\"@type\":\"EntryPoint\",\"urlTemplate\":\"https:\\\/\\\/nothingtec.com\\\/?s={search_term_string}\"},\"query-input\":{\"@type\":\"PropertyValueSpecification\",\"valueRequired\":true,\"valueName\":\"search_term_string\"}}],\"inLanguage\":\"en-GB\"},{\"@type\":\"Organization\",\"@id\":\"https:\\\/\\\/nothingtec.com\\\/#organization\",\"name\":\"NothingTec\",\"url\":\"https:\\\/\\\/nothingtec.com\\\/\",\"logo\":{\"@type\":\"ImageObject\",\"inLanguage\":\"en-GB\",\"@id\":\"https:\\\/\\\/nothingtec.com\\\/#\\\/schema\\\/logo\\\/image\\\/\",\"url\":\"https:\\\/\\\/nothingtec.com\\\/wp-content\\\/uploads\\\/2025\\\/05\\\/Logo-NT-Para-Yoast.png\",\"contentUrl\":\"https:\\\/\\\/nothingtec.com\\\/wp-content\\\/uploads\\\/2025\\\/05\\\/Logo-NT-Para-Yoast.png\",\"width\":696,\"height\":696,\"caption\":\"NothingTec\"},\"image\":{\"@id\":\"https:\\\/\\\/nothingtec.com\\\/#\\\/schema\\\/logo\\\/image\\\/\"}},{\"@type\":\"Person\",\"@id\":\"https:\\\/\\\/nothingtec.com\\\/#\\\/schema\\\/person\\\/ad5dcb7dc957d71f8fc93bef0837ca29\",\"name\":\"ruudhesp\",\"image\":{\"@type\":\"ImageObject\",\"inLanguage\":\"en-GB\",\"@id\":\"https:\\\/\\\/nothingtec.com\\\/wp-content\\\/uploads\\\/2025\\\/05\\\/cropped-lwhVDJvR_400x400-96x96.jpg\",\"url\":\"https:\\\/\\\/nothingtec.com\\\/wp-content\\\/uploads\\\/2025\\\/05\\\/cropped-lwhVDJvR_400x400-96x96.jpg\",\"contentUrl\":\"https:\\\/\\\/nothingtec.com\\\/wp-content\\\/uploads\\\/2025\\\/05\\\/cropped-lwhVDJvR_400x400-96x96.jpg\",\"caption\":\"ruudhesp\"},\"description\":\"Creador de Nothingtec.com Menos es m\u00e1s \ud83d\udcf2\",\"sameAs\":[\"http:\\\/\\\/nothingtec.com\",\"https:\\\/\\\/www.instagram.com\\\/ruudhesp\",\"https:\\\/\\\/x.com\\\/ruudhesp\"],\"url\":\"https:\\\/\\\/nothingtec.com\\\/en\\\/author\\\/ruudhesp\\\/\"}]}<\/script>\n<!-- \/ Yoast SEO plugin. -->","yoast_head_json":{"title":"About Us \u2013 NothingTec | Nothing Community in Spanish","description":"NothingTec: Nothing&#039;s blog in Spanish for Spain and Latin America, with daily news, analysis, tutorials and an active Hispanic community.","robots":{"index":"index","follow":"follow","max-snippet":"max-snippet:-1","max-image-preview":"max-image-preview:large","max-video-preview":"max-video-preview:-1"},"canonical":"https:\/\/nothingtec.com\/en\/sobre-mi\/","og_locale":"en_GB","og_type":"article","og_title":"Qui\u00e9nes Somos \u2013 NothingTec | Comunidad Nothing en espa\u00f1ol","og_description":"NothingTec: blog de Nothing en espa\u00f1ol para Espa\u00f1a y Latinoam\u00e9rica, con noticias diarias, an\u00e1lisis, tutoriales y comunidad hispana activa.","og_url":"https:\/\/nothingtec.com\/en\/sobre-mi\/","og_site_name":"NothingTec","article_modified_time":"2025-10-01T14:55:43+00:00","og_image":[{"url":"https:\/\/nothingtec.com\/wp-content\/uploads\/2025\/05\/quienes-somos-ruudhesp-nothingtec-ruudhesp-twitter-X-1024x341.webp","type":"","width":"","height":""}],"twitter_card":"summary_large_image","twitter_misc":{"Estimated reading time":"2 minutes"},"schema":{"@context":"https:\/\/schema.org","@graph":[{"@type":["Article","BlogPosting"],"@id":"https:\/\/nothingtec.com\/sobre-mi\/#article","isPartOf":{"@id":"https:\/\/nothingtec.com\/sobre-mi\/"},"author":{"name":"ruudhesp","@id":"https:\/\/nothingtec.com\/#\/schema\/person\/ad5dcb7dc957d71f8fc93bef0837ca29"},"headline":"Sobre mi","datePublished":"2025-04-04T10:56:05+00:00","dateModified":"2025-10-01T14:55:43+00:00","mainEntityOfPage":{"@id":"https:\/\/nothingtec.com\/sobre-mi\/"},"wordCount":332,"publisher":{"@id":"https:\/\/nothingtec.com\/#organization"},"image":{"@id":"https:\/\/nothingtec.com\/sobre-mi\/#primaryimage"},"thumbnailUrl":"https:\/\/nothingtec.com\/wp-content\/uploads\/2025\/05\/quienes-somos-ruudhesp-nothingtec-ruudhesp-twitter-X-1024x341.webp","inLanguage":"en-GB"},{"@type":"WebPage","@id":"https:\/\/nothingtec.com\/sobre-mi\/","url":"https:\/\/nothingtec.com\/sobre-mi\/","name":"About Us \u2013 NothingTec | Nothing Community in Spanish","isPartOf":{"@id":"https:\/\/nothingtec.com\/#website"},"primaryImageOfPage":{"@id":"https:\/\/nothingtec.com\/sobre-mi\/#primaryimage"},"image":{"@id":"https:\/\/nothingtec.com\/sobre-mi\/#primaryimage"},"thumbnailUrl":"https:\/\/nothingtec.com\/wp-content\/uploads\/2025\/05\/quienes-somos-ruudhesp-nothingtec-ruudhesp-twitter-X-1024x341.webp","datePublished":"2025-04-04T10:56:05+00:00","dateModified":"2025-10-01T14:55:43+00:00","description":"NothingTec: Nothing&#039;s blog in Spanish for Spain and Latin America, with daily news, analysis, tutorials and an active Hispanic community.","breadcrumb":{"@id":"https:\/\/nothingtec.com\/sobre-mi\/#breadcrumb"},"inLanguage":"en-GB","potentialAction":[{"@type":"ReadAction","target":["https:\/\/nothingtec.com\/sobre-mi\/"]}]},{"@type":"ImageObject","inLanguage":"en-GB","@id":"https:\/\/nothingtec.com\/sobre-mi\/#primaryimage","url":"https:\/\/nothingtec.com\/wp-content\/uploads\/2025\/05\/quienes-somos-ruudhesp-nothingtec-ruudhesp-twitter-X-1024x341.webp","contentUrl":"https:\/\/nothingtec.com\/wp-content\/uploads\/2025\/05\/quienes-somos-ruudhesp-nothingtec-ruudhesp-twitter-X-1024x341.webp"},{"@type":"BreadcrumbList","@id":"https:\/\/nothingtec.com\/sobre-mi\/#breadcrumb","itemListElement":[{"@type":"ListItem","position":1,"name":"Portada","item":"https:\/\/nothingtec.com\/"},{"@type":"ListItem","position":2,"name":"Sobre mi"}]},{"@type":"WebSite","@id":"https:\/\/nothingtec.com\/#website","url":"https:\/\/nothingtec.com\/","name":"NothingTec","description":"Everything about Nothing and CMF | Blog","publisher":{"@id":"https:\/\/nothingtec.com\/#organization"},"potentialAction":[{"@type":"SearchAction","target":{"@type":"EntryPoint","urlTemplate":"https:\/\/nothingtec.com\/?s={search_term_string}"},"query-input":{"@type":"PropertyValueSpecification","valueRequired":true,"valueName":"search_term_string"}}],"inLanguage":"en-GB"},{"@type":"Organization","@id":"https:\/\/nothingtec.com\/#organization","name":"NothingTec","url":"https:\/\/nothingtec.com\/","logo":{"@type":"ImageObject","inLanguage":"en-GB","@id":"https:\/\/nothingtec.com\/#\/schema\/logo\/image\/","url":"https:\/\/nothingtec.com\/wp-content\/uploads\/2025\/05\/Logo-NT-Para-Yoast.png","contentUrl":"https:\/\/nothingtec.com\/wp-content\/uploads\/2025\/05\/Logo-NT-Para-Yoast.png","width":696,"height":696,"caption":"NothingTec"},"image":{"@id":"https:\/\/nothingtec.com\/#\/schema\/logo\/image\/"}},{"@type":"Person","@id":"https:\/\/nothingtec.com\/#\/schema\/person\/ad5dcb7dc957d71f8fc93bef0837ca29","name":"ruudhesp","image":{"@type":"ImageObject","inLanguage":"en-GB","@id":"https:\/\/nothingtec.com\/wp-content\/uploads\/2025\/05\/cropped-lwhVDJvR_400x400-96x96.jpg","url":"https:\/\/nothingtec.com\/wp-content\/uploads\/2025\/05\/cropped-lwhVDJvR_400x400-96x96.jpg","contentUrl":"https:\/\/nothingtec.com\/wp-content\/uploads\/2025\/05\/cropped-lwhVDJvR_400x400-96x96.jpg","caption":"ruudhesp"},"description":"Creator of Nothingtec.com Less is more \ud83d\udcf2","sameAs":["http:\/\/nothingtec.com","https:\/\/www.instagram.com\/ruudhesp","https:\/\/x.com\/ruudhesp"],"url":"https:\/\/nothingtec.com\/en\/author\/ruudhesp\/"}]}},"uagb_featured_image_src":{"full":false,"thumbnail":false,"medium":false,"medium_large":false,"large":false,"1536x1536":false,"2048x2048":false,"trp-custom-language-flag":false,"wp_review_large":false,"wp_review_small":false,"post-thumbnail":false,"post-image":false,"post-image-thumb":false},"uagb_author_info":{"display_name":"ruudhesp","author_link":"https:\/\/nothingtec.com\/en\/author\/ruudhesp\/"},"uagb_comment_info":0,"uagb_excerpt":"En NothingTec.com comparto mi pasi\u00f3n por el universo Nothing. Soy Jose Navarrete, creador y administrador del blog, aunque en la red me hago llamar RuudHesp. Como editor, intento que cada noticia, an\u00e1lisis y comparativa se presente con un estilo profesional, honesto y cercano. Este proyecto naci\u00f3 para servir a los entusiastas de la marca Nothing&hellip;","_links":{"self":[{"href":"https:\/\/nothingtec.com\/en\/wp-json\/wp\/v2\/pages\/1191","targetHints":{"allow":["GET"]}}],"collection":[{"href":"https:\/\/nothingtec.com\/en\/wp-json\/wp\/v2\/pages"}],"about":[{"href":"https:\/\/nothingtec.com\/en\/wp-json\/wp\/v2\/types\/page"}],"author":[{"embeddable":true,"href":"https:\/\/nothingtec.com\/en\/wp-json\/wp\/v2\/users\/1"}],"replies":[{"embeddable":true,"href":"https:\/\/nothingtec.com\/en\/wp-json\/wp\/v2\/comments?post=1191"}],"version-history":[{"count":17,"href":"https:\/\/nothingtec.com\/en\/wp-json\/wp\/v2\/pages\/1191\/revisions"}],"predecessor-version":[{"id":3305,"href":"https:\/\/nothingtec.com\/en\/wp-json\/wp\/v2\/pages\/1191\/revisions\/3305"}],"wp:attachment":[{"href":"https:\/\/nothingtec.com\/en\/wp-json\/wp\/v2\/media?parent=1191"}],"curies":[{"name":"wp","href":"https:\/\/api.w.org\/{rel}","templated":true}]}}