{"id":288,"date":"2025-02-13T14:51:47","date_gmt":"2025-02-13T14:51:47","guid":{"rendered":"http:\/\/nothingtec.com\/?page_id=288"},"modified":"2025-11-10T12:46:08","modified_gmt":"2025-11-10T11:46:08","slug":"contactar","status":"publish","type":"page","link":"https:\/\/nothingtec.com\/en\/contactar\/","title":{"rendered":"Contact"},"content":{"rendered":"\n<p>\u00a1Hola! \ud83d\udc4b Soy Jose (<a href=\"https:\/\/x.com\/ruudhesp\" target=\"_blank\" rel=\"noreferrer noopener\">RuudHesp<\/a>), el <strong>creador y administrador de este blog<\/strong> dedicado al ecosistema <strong>Nothing<\/strong>, donde encontrar\u00e1s las \u00faltimas noticias y novedades sobre sus productos. Puedes <a href=\"https:\/\/nothingtec.com\/sobre-mi\/\">conocer m\u00e1s acerca de NothingTec y de m\u00ed haciendo clic aqu\u00ed<\/a>.<\/p>\n\n\n\n<figure class=\"wp-block-image size-large is-style-rounded\"><a href=\"https:\/\/x.com\/ruudhesp\" target=\"_blank\" rel=\" noreferrer noopener\"><img loading=\"lazy\" decoding=\"async\" width=\"1024\" height=\"341\" src=\"https:\/\/nothingtec.com\/wp-content\/uploads\/2025\/05\/quienes-somos-ruudhesp-nothingtec-ruudhesp-twitter-X-1024x341.webp\" alt=\"\" class=\"wp-image-1830\" srcset=\"https:\/\/nothingtec.com\/wp-content\/uploads\/2025\/05\/quienes-somos-ruudhesp-nothingtec-ruudhesp-twitter-X-1024x341.webp 1024w, https:\/\/nothingtec.com\/wp-content\/uploads\/2025\/05\/quienes-somos-ruudhesp-nothingtec-ruudhesp-twitter-X-300x100.webp 300w, https:\/\/nothingtec.com\/wp-content\/uploads\/2025\/05\/quienes-somos-ruudhesp-nothingtec-ruudhesp-twitter-X-768x256.webp 768w, https:\/\/nothingtec.com\/wp-content\/uploads\/2025\/05\/quienes-somos-ruudhesp-nothingtec-ruudhesp-twitter-X-816x272.webp 816w, https:\/\/nothingtec.com\/wp-content\/uploads\/2025\/05\/quienes-somos-ruudhesp-nothingtec-ruudhesp-twitter-X.webp 1500w\" sizes=\"auto, (max-width: 1024px) 100vw, 1024px\" \/><\/a><\/figure>\n\n\n\n<p>Si tienes alguna propuesta, idea, pregunta o sugerencia sobre <strong>NothingTec<\/strong>, estar\u00e9 encantado de escucharte. Puedes contactar conmigo v\u00eda email escribiendo a <a href=\"mailto:info@nothingtec.com\" target=\"_blank\" rel=\"noreferrer noopener\">info@nothingtec.com<\/a> o rellenando el siguiente formulario. \u00a1Nos leemos! \ud83d\ude0a<\/p>\n\n\n<style id=\"wpforms-css-vars-915\">\n\t\t\t\t#wpforms-915 {\n\t\t\t\t--wpforms-container-padding: 0px;\n--wpforms-container-border-width: 1px;\n--wpforms-container-border-radius: 3px;\n--wpforms-background-color: rgba(0, 0, 0, 0);\n--wpforms-field-size-input-height: 43px;\n--wpforms-field-size-input-spacing: 15px;\n--wpforms-field-size-font-size: 16px;\n--wpforms-field-size-line-height: 19px;\n--wpforms-field-size-padding-h: 14px;\n--wpforms-field-size-checkbox-size: 16px;\n--wpforms-field-size-sublabel-spacing: 5px;\n--wpforms-field-size-icon-size: 1;\n--wpforms-label-size-font-size: 16px;\n--wpforms-label-size-line-height: 19px;\n--wpforms-label-size-sublabel-font-size: 14px;\n--wpforms-label-size-sublabel-line-height: 17px;\n--wpforms-button-size-font-size: 17px;\n--wpforms-button-size-height: 41px;\n--wpforms-button-size-padding-h: 15px;\n--wpforms-button-size-margin-top: 10px;\n--wpforms-container-shadow-size-box-shadow: none;\n\t\t\t}\n\t\t\t<\/style><div class=\"wpforms-container wpforms-container-full wpforms-render-modern\" id=\"wpforms-915\"><form id=\"wpforms-form-915\" class=\"wpforms-validate wpforms-form wpforms-ajax-form\" data-formid=\"915\" method=\"post\" enctype=\"multipart\/form-data\" action=\"\/en\/wp-json\/wp\/v2\/pages\/288\" data-token=\"965032eddf80dcc9ef639f8dbeb33847\" data-token-time=\"1776577099\"><noscript class=\"wpforms-error-noscript\">Please enable JavaScript in your browser to complete this form.<\/noscript><div id=\"wpforms-error-noscript\" style=\"display: none;\">Please enable JavaScript in your browser to complete this form.<\/div><div class=\"wpforms-field-container\">\t\t<div id=\"wpforms-915-field_4-container\"\n\t\t\tclass=\"wpforms-field wpforms-field-text\"\n\t\t\tdata-field-type=\"text\"\n\t\t\tdata-field-id=\"4\"\n\t\t\t>\n\t\t\t<label class=\"wpforms-field-label\" for=\"wpforms-915-field_4\" >electr\u00f3nico o Comentario<\/label>\n\t\t\t<input type=\"text\" id=\"wpforms-915-field_4\" class=\"wpforms-field-medium\" name=\"wpforms[fields][4]\" >\n\t\t<\/div>\n\t\t<div id=\"wpforms-915-field_1-container\" class=\"wpforms-field wpforms-field-name\" data-field-id=\"1\"><label class=\"wpforms-field-label\" for=\"wpforms-915-field_1\">Nombre <span class=\"wpforms-required-label\" aria-hidden=\"true\">*<\/span><\/label><input type=\"text\" id=\"wpforms-915-field_1\" class=\"wpforms-field-medium wpforms-field-required\" name=\"wpforms[fields][1]\" aria-errormessage=\"wpforms-915-field_1-error\" required><\/div><div id=\"wpforms-915-field_2-container\" class=\"wpforms-field wpforms-field-email\" data-field-id=\"2\"><label class=\"wpforms-field-label\" for=\"wpforms-915-field_2\">Correo electr\u00f3nico <span class=\"wpforms-required-label\" aria-hidden=\"true\">*<\/span><\/label><input type=\"email\" id=\"wpforms-915-field_2\" class=\"wpforms-field-medium wpforms-field-required\" name=\"wpforms[fields][2]\" spellcheck=\"false\" aria-errormessage=\"wpforms-915-field_2-error\" required><\/div><div id=\"wpforms-915-field_3-container\" class=\"wpforms-field wpforms-field-textarea\" data-field-id=\"3\"><label class=\"wpforms-field-label\" for=\"wpforms-915-field_3\">Comentario o mensaje <span class=\"wpforms-required-label\" aria-hidden=\"true\">*<\/span><\/label><textarea id=\"wpforms-915-field_3\" class=\"wpforms-field-medium wpforms-field-required\" name=\"wpforms[fields][3]\" aria-errormessage=\"wpforms-915-field_3-error\" required><\/textarea><\/div><script>\n\t\t\t\t( function() {\n\t\t\t\t\tconst style = document.createElement( 'style' );\n\t\t\t\t\tstyle.appendChild( document.createTextNode( '#wpforms-915-field_4-container { position: absolute !important; overflow: hidden !important; display: inline !important; height: 1px !important; width: 1px !important; z-index: -1000 !important; padding: 0 !important; } #wpforms-915-field_4-container input { visibility: hidden; } #wpforms-conversational-form-page #wpforms-915-field_4-container label { counter-increment: none; }' ) );\n\t\t\t\t\tdocument.head.appendChild( style );\n\t\t\t\t\tdocument.currentScript?.remove();\n\t\t\t\t} )();\n\t\t\t<\/script><\/div><!-- .wpforms-field-container --><div class=\"wpforms-recaptcha-container wpforms-is-recaptcha wpforms-is-recaptcha-type-v2\" ><div class=\"g-recaptcha\" data-sitekey=\"6LcKfbQrAAAAAIclBJEp-12dWp2lYN6_uo6XWwVq\"><\/div><input type=\"text\" name=\"g-recaptcha-hidden\" class=\"wpforms-recaptcha-hidden\" style=\"position:absolute!important;clip:rect(0,0,0,0)!important;height:1px!important;width:1px!important;border:0!important;overflow:hidden!important;padding:0!important;margin:0!important;\" data-rule-recaptcha=\"1\"><\/div><div class=\"wpforms-submit-container\" ><input type=\"hidden\" name=\"wpforms[id]\" value=\"915\"><input type=\"hidden\" name=\"page_title\" value=\"\"><input type=\"hidden\" name=\"page_url\" value=\"https:\/\/nothingtec.com\/en\/wp-json\/wp\/v2\/pages\/288\"><input type=\"hidden\" name=\"url_referer\" value=\"\"><button type=\"submit\" name=\"wpforms[submit]\" id=\"wpforms-submit-915\" class=\"wpforms-submit\" data-alt-text=\"Enviando...\" data-submit-text=\"Enviar\" aria-live=\"assertive\" value=\"wpforms-submit\">Enviar<\/button><img loading=\"lazy\" decoding=\"async\" src=\"https:\/\/nothingtec.com\/wp-content\/plugins\/wpforms-lite\/assets\/images\/submit-spin.svg\" class=\"wpforms-submit-spinner\" style=\"display: none;\" width=\"26\" height=\"26\" alt=\"Loading\"><\/div><\/form><\/div>  <!-- .wpforms-container -->\n","protected":false},"excerpt":{"rendered":"<p>\u00a1Hola! \ud83d\udc4b Soy Jose (RuudHesp), el creador y administrador de este blog dedicado al ecosistema Nothing, donde encontrar\u00e1s las \u00faltimas noticias y novedades sobre sus productos. Puedes conocer m\u00e1s acerca de NothingTec y de m\u00ed haciendo clic aqu\u00ed. Si tienes alguna propuesta, idea, pregunta o sugerencia sobre NothingTec, estar\u00e9 encantado de escucharte. Puedes contactar conmigo [&hellip;]<\/p>\n","protected":false},"author":1,"featured_media":0,"parent":0,"menu_order":0,"comment_status":"closed","ping_status":"closed","template":"","meta":{"_uag_custom_page_level_css":"","footnotes":""},"class_list":["post-288","page","type-page","status-publish","hentry"],"yoast_head":"<!-- This site is optimized with the Yoast SEO plugin v27.4 - https:\/\/yoast.com\/product\/yoast-seo-wordpress\/ -->\n<title>Contactar - NothingTec<\/title>\n<meta name=\"description\" content=\"\u00a1Hola! \ud83d\udc4b Soy Jose (RuudHesp), el creador y administrador de este blog dedicado al ecosistema Nothing. Si tienes alguna propuesta, idea, pregunta o sugerencia sobre NothingTec, estar\u00e9 encantado de escucharte.\" \/>\n<meta name=\"robots\" content=\"index, follow, max-snippet:-1, max-image-preview:large, max-video-preview:-1\" \/>\n<link rel=\"canonical\" href=\"https:\/\/nothingtec.com\/en\/contactar\/\" \/>\n<meta property=\"og:locale\" content=\"en_GB\" \/>\n<meta property=\"og:type\" content=\"article\" \/>\n<meta property=\"og:title\" content=\"Contactar - NothingTec\" \/>\n<meta property=\"og:description\" content=\"\u00a1Hola! \ud83d\udc4b Soy Jose (RuudHesp), el creador y administrador de este blog dedicado al ecosistema Nothing. Si tienes alguna propuesta, idea, pregunta o sugerencia sobre NothingTec, estar\u00e9 encantado de escucharte.\" \/>\n<meta property=\"og:url\" content=\"https:\/\/nothingtec.com\/en\/contactar\/\" \/>\n<meta property=\"og:site_name\" content=\"NothingTec\" \/>\n<meta property=\"article:modified_time\" content=\"2025-11-10T11:46:08+00:00\" \/>\n<meta property=\"og:image\" content=\"https:\/\/nothingtec.com\/wp-content\/uploads\/2025\/05\/quienes-somos-ruudhesp-nothingtec-ruudhesp-twitter-X-1024x341.webp\" \/>\n<meta name=\"twitter:card\" content=\"summary_large_image\" \/>\n<meta name=\"twitter:label1\" content=\"Estimated reading time\" \/>\n\t<meta name=\"twitter:data1\" content=\"1 minute\" \/>\n<script type=\"application\/ld+json\" class=\"yoast-schema-graph\">{\"@context\":\"https:\\\/\\\/schema.org\",\"@graph\":[{\"@type\":[\"Article\",\"BlogPosting\"],\"@id\":\"https:\\\/\\\/nothingtec.com\\\/contactar\\\/#article\",\"isPartOf\":{\"@id\":\"https:\\\/\\\/nothingtec.com\\\/contactar\\\/\"},\"author\":{\"name\":\"ruudhesp\",\"@id\":\"https:\\\/\\\/nothingtec.com\\\/#\\\/schema\\\/person\\\/ad5dcb7dc957d71f8fc93bef0837ca29\"},\"headline\":\"Contactar\",\"datePublished\":\"2025-02-13T14:51:47+00:00\",\"dateModified\":\"2025-11-10T11:46:08+00:00\",\"mainEntityOfPage\":{\"@id\":\"https:\\\/\\\/nothingtec.com\\\/contactar\\\/\"},\"wordCount\":76,\"publisher\":{\"@id\":\"https:\\\/\\\/nothingtec.com\\\/#organization\"},\"image\":{\"@id\":\"https:\\\/\\\/nothingtec.com\\\/contactar\\\/#primaryimage\"},\"thumbnailUrl\":\"https:\\\/\\\/nothingtec.com\\\/wp-content\\\/uploads\\\/2025\\\/05\\\/quienes-somos-ruudhesp-nothingtec-ruudhesp-twitter-X-1024x341.webp\",\"inLanguage\":\"en-GB\"},{\"@type\":\"WebPage\",\"@id\":\"https:\\\/\\\/nothingtec.com\\\/contactar\\\/\",\"url\":\"https:\\\/\\\/nothingtec.com\\\/contactar\\\/\",\"name\":\"Contactar - NothingTec\",\"isPartOf\":{\"@id\":\"https:\\\/\\\/nothingtec.com\\\/#website\"},\"primaryImageOfPage\":{\"@id\":\"https:\\\/\\\/nothingtec.com\\\/contactar\\\/#primaryimage\"},\"image\":{\"@id\":\"https:\\\/\\\/nothingtec.com\\\/contactar\\\/#primaryimage\"},\"thumbnailUrl\":\"https:\\\/\\\/nothingtec.com\\\/wp-content\\\/uploads\\\/2025\\\/05\\\/quienes-somos-ruudhesp-nothingtec-ruudhesp-twitter-X-1024x341.webp\",\"datePublished\":\"2025-02-13T14:51:47+00:00\",\"dateModified\":\"2025-11-10T11:46:08+00:00\",\"description\":\"\u00a1Hola! \ud83d\udc4b Soy Jose (RuudHesp), el creador y administrador de este blog dedicado al ecosistema Nothing. Si tienes alguna propuesta, idea, pregunta o sugerencia sobre NothingTec, estar\u00e9 encantado de escucharte.\",\"breadcrumb\":{\"@id\":\"https:\\\/\\\/nothingtec.com\\\/contactar\\\/#breadcrumb\"},\"inLanguage\":\"en-GB\",\"potentialAction\":[{\"@type\":\"ReadAction\",\"target\":[\"https:\\\/\\\/nothingtec.com\\\/contactar\\\/\"]}]},{\"@type\":\"ImageObject\",\"inLanguage\":\"en-GB\",\"@id\":\"https:\\\/\\\/nothingtec.com\\\/contactar\\\/#primaryimage\",\"url\":\"https:\\\/\\\/nothingtec.com\\\/wp-content\\\/uploads\\\/2025\\\/05\\\/quienes-somos-ruudhesp-nothingtec-ruudhesp-twitter-X-1024x341.webp\",\"contentUrl\":\"https:\\\/\\\/nothingtec.com\\\/wp-content\\\/uploads\\\/2025\\\/05\\\/quienes-somos-ruudhesp-nothingtec-ruudhesp-twitter-X-1024x341.webp\"},{\"@type\":\"BreadcrumbList\",\"@id\":\"https:\\\/\\\/nothingtec.com\\\/contactar\\\/#breadcrumb\",\"itemListElement\":[{\"@type\":\"ListItem\",\"position\":1,\"name\":\"Portada\",\"item\":\"https:\\\/\\\/nothingtec.com\\\/\"},{\"@type\":\"ListItem\",\"position\":2,\"name\":\"Contactar\"}]},{\"@type\":\"WebSite\",\"@id\":\"https:\\\/\\\/nothingtec.com\\\/#website\",\"url\":\"https:\\\/\\\/nothingtec.com\\\/\",\"name\":\"NothingTec\",\"description\":\"Todo sobre Nothing y CMF | Blog y comunidad hispana\",\"publisher\":{\"@id\":\"https:\\\/\\\/nothingtec.com\\\/#organization\"},\"potentialAction\":[{\"@type\":\"SearchAction\",\"target\":{\"@type\":\"EntryPoint\",\"urlTemplate\":\"https:\\\/\\\/nothingtec.com\\\/?s={search_term_string}\"},\"query-input\":{\"@type\":\"PropertyValueSpecification\",\"valueRequired\":true,\"valueName\":\"search_term_string\"}}],\"inLanguage\":\"en-GB\"},{\"@type\":\"Organization\",\"@id\":\"https:\\\/\\\/nothingtec.com\\\/#organization\",\"name\":\"NothingTec\",\"url\":\"https:\\\/\\\/nothingtec.com\\\/\",\"logo\":{\"@type\":\"ImageObject\",\"inLanguage\":\"en-GB\",\"@id\":\"https:\\\/\\\/nothingtec.com\\\/#\\\/schema\\\/logo\\\/image\\\/\",\"url\":\"https:\\\/\\\/nothingtec.com\\\/wp-content\\\/uploads\\\/2025\\\/05\\\/Logo-NT-Para-Yoast.png\",\"contentUrl\":\"https:\\\/\\\/nothingtec.com\\\/wp-content\\\/uploads\\\/2025\\\/05\\\/Logo-NT-Para-Yoast.png\",\"width\":696,\"height\":696,\"caption\":\"NothingTec\"},\"image\":{\"@id\":\"https:\\\/\\\/nothingtec.com\\\/#\\\/schema\\\/logo\\\/image\\\/\"}},{\"@type\":\"Person\",\"@id\":\"https:\\\/\\\/nothingtec.com\\\/#\\\/schema\\\/person\\\/ad5dcb7dc957d71f8fc93bef0837ca29\",\"name\":\"ruudhesp\",\"image\":{\"@type\":\"ImageObject\",\"inLanguage\":\"en-GB\",\"@id\":\"https:\\\/\\\/nothingtec.com\\\/wp-content\\\/uploads\\\/2025\\\/05\\\/cropped-lwhVDJvR_400x400-96x96.jpg\",\"url\":\"https:\\\/\\\/nothingtec.com\\\/wp-content\\\/uploads\\\/2025\\\/05\\\/cropped-lwhVDJvR_400x400-96x96.jpg\",\"contentUrl\":\"https:\\\/\\\/nothingtec.com\\\/wp-content\\\/uploads\\\/2025\\\/05\\\/cropped-lwhVDJvR_400x400-96x96.jpg\",\"caption\":\"ruudhesp\"},\"description\":\"Creador de Nothingtec.com Menos es m\u00e1s \ud83d\udcf2\",\"sameAs\":[\"http:\\\/\\\/nothingtec.com\",\"https:\\\/\\\/www.instagram.com\\\/ruudhesp\",\"https:\\\/\\\/x.com\\\/ruudhesp\"],\"url\":\"https:\\\/\\\/nothingtec.com\\\/en\\\/author\\\/ruudhesp\\\/\"}]}<\/script>\n<!-- \/ Yoast SEO plugin. -->","yoast_head_json":{"title":"Contact - NothingTec","description":"Hi! \ud83d\udc4b I&#039;m Jose (RuudHesp), the creator and administrator of this blog dedicated to the Nothing ecosystem. If you have any proposals, ideas, questions, or suggestions about NothingTec, I&#039;d love to hear from you.","robots":{"index":"index","follow":"follow","max-snippet":"max-snippet:-1","max-image-preview":"max-image-preview:large","max-video-preview":"max-video-preview:-1"},"canonical":"https:\/\/nothingtec.com\/en\/contactar\/","og_locale":"en_GB","og_type":"article","og_title":"Contactar - NothingTec","og_description":"\u00a1Hola! \ud83d\udc4b Soy Jose (RuudHesp), el creador y administrador de este blog dedicado al ecosistema Nothing. Si tienes alguna propuesta, idea, pregunta o sugerencia sobre NothingTec, estar\u00e9 encantado de escucharte.","og_url":"https:\/\/nothingtec.com\/en\/contactar\/","og_site_name":"NothingTec","article_modified_time":"2025-11-10T11:46:08+00:00","og_image":[{"url":"https:\/\/nothingtec.com\/wp-content\/uploads\/2025\/05\/quienes-somos-ruudhesp-nothingtec-ruudhesp-twitter-X-1024x341.webp","type":"","width":"","height":""}],"twitter_card":"summary_large_image","twitter_misc":{"Estimated reading time":"1 minute"},"schema":{"@context":"https:\/\/schema.org","@graph":[{"@type":["Article","BlogPosting"],"@id":"https:\/\/nothingtec.com\/contactar\/#article","isPartOf":{"@id":"https:\/\/nothingtec.com\/contactar\/"},"author":{"name":"ruudhesp","@id":"https:\/\/nothingtec.com\/#\/schema\/person\/ad5dcb7dc957d71f8fc93bef0837ca29"},"headline":"Contactar","datePublished":"2025-02-13T14:51:47+00:00","dateModified":"2025-11-10T11:46:08+00:00","mainEntityOfPage":{"@id":"https:\/\/nothingtec.com\/contactar\/"},"wordCount":76,"publisher":{"@id":"https:\/\/nothingtec.com\/#organization"},"image":{"@id":"https:\/\/nothingtec.com\/contactar\/#primaryimage"},"thumbnailUrl":"https:\/\/nothingtec.com\/wp-content\/uploads\/2025\/05\/quienes-somos-ruudhesp-nothingtec-ruudhesp-twitter-X-1024x341.webp","inLanguage":"en-GB"},{"@type":"WebPage","@id":"https:\/\/nothingtec.com\/contactar\/","url":"https:\/\/nothingtec.com\/contactar\/","name":"Contact - NothingTec","isPartOf":{"@id":"https:\/\/nothingtec.com\/#website"},"primaryImageOfPage":{"@id":"https:\/\/nothingtec.com\/contactar\/#primaryimage"},"image":{"@id":"https:\/\/nothingtec.com\/contactar\/#primaryimage"},"thumbnailUrl":"https:\/\/nothingtec.com\/wp-content\/uploads\/2025\/05\/quienes-somos-ruudhesp-nothingtec-ruudhesp-twitter-X-1024x341.webp","datePublished":"2025-02-13T14:51:47+00:00","dateModified":"2025-11-10T11:46:08+00:00","description":"Hi! \ud83d\udc4b I&#039;m Jose (RuudHesp), the creator and administrator of this blog dedicated to the Nothing ecosystem. If you have any proposals, ideas, questions, or suggestions about NothingTec, I&#039;d love to hear from you.","breadcrumb":{"@id":"https:\/\/nothingtec.com\/contactar\/#breadcrumb"},"inLanguage":"en-GB","potentialAction":[{"@type":"ReadAction","target":["https:\/\/nothingtec.com\/contactar\/"]}]},{"@type":"ImageObject","inLanguage":"en-GB","@id":"https:\/\/nothingtec.com\/contactar\/#primaryimage","url":"https:\/\/nothingtec.com\/wp-content\/uploads\/2025\/05\/quienes-somos-ruudhesp-nothingtec-ruudhesp-twitter-X-1024x341.webp","contentUrl":"https:\/\/nothingtec.com\/wp-content\/uploads\/2025\/05\/quienes-somos-ruudhesp-nothingtec-ruudhesp-twitter-X-1024x341.webp"},{"@type":"BreadcrumbList","@id":"https:\/\/nothingtec.com\/contactar\/#breadcrumb","itemListElement":[{"@type":"ListItem","position":1,"name":"Portada","item":"https:\/\/nothingtec.com\/"},{"@type":"ListItem","position":2,"name":"Contactar"}]},{"@type":"WebSite","@id":"https:\/\/nothingtec.com\/#website","url":"https:\/\/nothingtec.com\/","name":"NothingTec","description":"Everything about Nothing and CMF | Blog","publisher":{"@id":"https:\/\/nothingtec.com\/#organization"},"potentialAction":[{"@type":"SearchAction","target":{"@type":"EntryPoint","urlTemplate":"https:\/\/nothingtec.com\/?s={search_term_string}"},"query-input":{"@type":"PropertyValueSpecification","valueRequired":true,"valueName":"search_term_string"}}],"inLanguage":"en-GB"},{"@type":"Organization","@id":"https:\/\/nothingtec.com\/#organization","name":"NothingTec","url":"https:\/\/nothingtec.com\/","logo":{"@type":"ImageObject","inLanguage":"en-GB","@id":"https:\/\/nothingtec.com\/#\/schema\/logo\/image\/","url":"https:\/\/nothingtec.com\/wp-content\/uploads\/2025\/05\/Logo-NT-Para-Yoast.png","contentUrl":"https:\/\/nothingtec.com\/wp-content\/uploads\/2025\/05\/Logo-NT-Para-Yoast.png","width":696,"height":696,"caption":"NothingTec"},"image":{"@id":"https:\/\/nothingtec.com\/#\/schema\/logo\/image\/"}},{"@type":"Person","@id":"https:\/\/nothingtec.com\/#\/schema\/person\/ad5dcb7dc957d71f8fc93bef0837ca29","name":"ruudhesp","image":{"@type":"ImageObject","inLanguage":"en-GB","@id":"https:\/\/nothingtec.com\/wp-content\/uploads\/2025\/05\/cropped-lwhVDJvR_400x400-96x96.jpg","url":"https:\/\/nothingtec.com\/wp-content\/uploads\/2025\/05\/cropped-lwhVDJvR_400x400-96x96.jpg","contentUrl":"https:\/\/nothingtec.com\/wp-content\/uploads\/2025\/05\/cropped-lwhVDJvR_400x400-96x96.jpg","caption":"ruudhesp"},"description":"Creator of Nothingtec.com Less is more \ud83d\udcf2","sameAs":["http:\/\/nothingtec.com","https:\/\/www.instagram.com\/ruudhesp","https:\/\/x.com\/ruudhesp"],"url":"https:\/\/nothingtec.com\/en\/author\/ruudhesp\/"}]}},"uagb_featured_image_src":{"full":false,"thumbnail":false,"medium":false,"medium_large":false,"large":false,"1536x1536":false,"2048x2048":false,"trp-custom-language-flag":false,"wp_review_large":false,"wp_review_small":false,"post-thumbnail":false,"post-image":false,"post-image-thumb":false},"uagb_author_info":{"display_name":"ruudhesp","author_link":"https:\/\/nothingtec.com\/en\/author\/ruudhesp\/"},"uagb_comment_info":0,"uagb_excerpt":"\u00a1Hola! \ud83d\udc4b Soy Jose (RuudHesp), el creador y administrador de este blog dedicado al ecosistema Nothing, donde encontrar\u00e1s las \u00faltimas noticias y novedades sobre sus productos. Puedes conocer m\u00e1s acerca de NothingTec y de m\u00ed haciendo clic aqu\u00ed. Si tienes alguna propuesta, idea, pregunta o sugerencia sobre NothingTec, estar\u00e9 encantado de escucharte. Puedes contactar conmigo&hellip;","_links":{"self":[{"href":"https:\/\/nothingtec.com\/en\/wp-json\/wp\/v2\/pages\/288","targetHints":{"allow":["GET"]}}],"collection":[{"href":"https:\/\/nothingtec.com\/en\/wp-json\/wp\/v2\/pages"}],"about":[{"href":"https:\/\/nothingtec.com\/en\/wp-json\/wp\/v2\/types\/page"}],"author":[{"embeddable":true,"href":"https:\/\/nothingtec.com\/en\/wp-json\/wp\/v2\/users\/1"}],"replies":[{"embeddable":true,"href":"https:\/\/nothingtec.com\/en\/wp-json\/wp\/v2\/comments?post=288"}],"version-history":[{"count":9,"href":"https:\/\/nothingtec.com\/en\/wp-json\/wp\/v2\/pages\/288\/revisions"}],"predecessor-version":[{"id":3607,"href":"https:\/\/nothingtec.com\/en\/wp-json\/wp\/v2\/pages\/288\/revisions\/3607"}],"wp:attachment":[{"href":"https:\/\/nothingtec.com\/en\/wp-json\/wp\/v2\/media?parent=288"}],"curies":[{"name":"wp","href":"https:\/\/api.w.org\/{rel}","templated":true}]}}